{"id":54,"date":"2025-09-30T14:49:11","date_gmt":"2025-09-30T12:49:11","guid":{"rendered":"https:\/\/josemariapinto.adrirodrigom4.es\/?page_id=54"},"modified":"2025-11-13T15:35:15","modified_gmt":"2025-11-13T14:35:15","slug":"acerca-de","status":"publish","type":"page","link":"https:\/\/josemariapinto.adrirodrigom4.es\/en\/acerca-de\/","title":{"rendered":"About"},"content":{"rendered":"<div data-elementor-type=\"wp-page\" data-elementor-id=\"54\" class=\"elementor elementor-54\" data-elementor-post-type=\"page\">\n\t\t\t\t\t\t<section class=\"elementor-section elementor-top-section elementor-element elementor-element-1c4fe0a elementor-section-full_width elementor-section-height-min-height elementor-section-height-default elementor-section-items-middle\" data-id=\"1c4fe0a\" data-element_type=\"section\" data-e-type=\"section\" data-settings=\"{&quot;background_background&quot;:&quot;classic&quot;,&quot;mdp_selection_sticky_effect_enable&quot;:false}\">\n\t\t\t\t\t\t<div class=\"elementor-container elementor-column-gap-default\">\n\t\t\t\t\t<div class=\"elementor-column elementor-col-100 elementor-top-column elementor-element elementor-element-3a88d3c\" data-id=\"3a88d3c\" data-element_type=\"column\" data-e-type=\"column\" data-settings=\"{&quot;background_background&quot;:&quot;classic&quot;,&quot;mdp_selection_sticky_column_effect_enable&quot;:false}\">\n\t\t\t<div class=\"elementor-widget-wrap elementor-element-populated\">\n\t\t\t\t\t<div class=\"elementor-background-overlay\"><\/div>\n\t\t\t\t\t\t<div class=\"elementor-element elementor-element-ce1d6c5 elementor-widget elementor-widget-heading\" data-id=\"ce1d6c5\" data-element_type=\"widget\" data-e-type=\"widget\" data-widget_type=\"heading.default\">\n\t\t\t\t<div class=\"elementor-widget-container\">\n\t\t\t\t\t<h1 class=\"elementor-heading-title elementor-size-default\">About<\/h1>\t\t\t\t<\/div>\n\t\t\t\t<\/div>\n\t\t\t\t\t<\/div>\n\t\t<\/div>\n\t\t\t\t\t<\/div>\n\t\t<\/section>\n\t\t\t\t<section class=\"elementor-section elementor-top-section elementor-element elementor-element-432dfb71 elementor-section-boxed elementor-section-height-default elementor-section-height-default\" data-id=\"432dfb71\" data-element_type=\"section\" data-e-type=\"section\" data-settings=\"{&quot;background_background&quot;:&quot;classic&quot;,&quot;mdp_selection_sticky_effect_enable&quot;:false}\">\n\t\t\t\t\t\t<div class=\"elementor-container elementor-column-gap-default\">\n\t\t\t\t\t<div class=\"elementor-column elementor-col-50 elementor-top-column elementor-element elementor-element-7c0de900\" data-id=\"7c0de900\" data-element_type=\"column\" data-e-type=\"column\" data-settings=\"{&quot;mdp_selection_sticky_column_effect_enable&quot;:false}\">\n\t\t\t<div class=\"elementor-widget-wrap elementor-element-populated\">\n\t\t\t\t\t\t<div class=\"elementor-element elementor-element-4f3b8107 elementor-widget elementor-widget-heading\" data-id=\"4f3b8107\" data-element_type=\"widget\" data-e-type=\"widget\" data-widget_type=\"heading.default\">\n\t\t\t\t<div class=\"elementor-widget-container\">\n\t\t\t\t\t<h2 class=\"elementor-heading-title elementor-size-default\">JOSE MARIA<br>PINTO REY<\/h2>\t\t\t\t<\/div>\n\t\t\t\t<\/div>\n\t\t\t\t<div class=\"elementor-element elementor-element-1ae41b00 elementor-widget elementor-widget-text-editor\" data-id=\"1ae41b00\" data-element_type=\"widget\" data-e-type=\"widget\" data-widget_type=\"text-editor.default\">\n\t\t\t\t<div class=\"elementor-widget-container\">\n\t\t\t\t\t\t\t\t\tBorn in Barakaldo, Bizkaia (1959). From an early age he shows interest in drawing and painting, channelling his interest initially towards decoration, enrolling at the Institute of Decorative Arts in Bilbao at the age of sixteen, where he begins to learn the basics of drawing, theories of color, composition and creativity, and it is there where he learns the technique of watercolor. Years later, he attended the Museum of Artistic Reproductions in Bilbao where, under the guidance of the painter Manuel Balsa, he learned to draw the human figure with ease and to learn in depth the techniques of painting, including watercolor, which would become the protagonist in the beginning of his career, which would be reinforced by the achievement of what would be his first outstanding prize in the XLV Alavese Art Contest, a fact that would lead to his first solo exhibition. Already at that time he has changed his residence from his hometown to the town of Artziniega, Alava, where he will develop his work as a painter. From this moment his career is consolidated and begins to exhibit his work at first by his environment but soon throughout the state. It is then when he began to give introductory courses in painting both in his place of residence and in neighboring towns.\t\t\t\t\t\t\t\t<\/div>\n\t\t\t\t<\/div>\n\t\t\t\t<div class=\"elementor-element elementor-element-0710c6b elementor-widget elementor-widget-text-editor\" data-id=\"0710c6b\" data-element_type=\"widget\" data-e-type=\"widget\" data-widget_type=\"text-editor.default\">\n\t\t\t\t<div class=\"elementor-widget-container\">\n\t\t\t\t\t\t\t\t\t<p>His work can be found in numerous private and public collections, such as Caja Vital de Vitoria, Caja de Ahorros Municipal de Pamplona, Ayuntamiento de Villaviciosa de Od\u00f3n, Museo Premios Gredos de Pintura - Arenas de San Pedro, Museo de Arte Contempor\u00e1neo Infanta Elena, Tomelloso, Ilustre Colegio de Abogados del Se\u00f1or\u00edo de Vizcaya, Bodega Las Copas - Gonz\u00e1lez Byass Jerez, Bodegas Fundador, S. L. Tomelloso, Restaurante Don Producto y t\u00fa, Vitoria, Restaurante Arcos de Quejana, Ayala.L. Tomelloso, Restaurant Don Producto y t\u00fa, Vitoria, Restaurant Arcos de Quejana, Ayala, etc.<\/p>\t\t\t\t\t\t\t\t<\/div>\n\t\t\t\t<\/div>\n\t\t\t\t<div class=\"elementor-element elementor-element-a24a865 elementor-view-framed elementor-position-inline-start elementor-shape-circle elementor-mobile-position-block-start elementor-widget elementor-widget-icon-box\" data-id=\"a24a865\" data-element_type=\"widget\" data-e-type=\"widget\" data-widget_type=\"icon-box.default\">\n\t\t\t\t<div class=\"elementor-widget-container\">\n\t\t\t\t\t\t\t<div class=\"elementor-icon-box-wrapper\">\n\n\t\t\t\t\t\t<div class=\"elementor-icon-box-icon\">\n\t\t\t\t<a href=\"https:\/\/josemariapinto.adrirodrigom4.es\/wp-content\/uploads\/2025\/09\/VID-20250125-WA000010.mp4\" target=\"_blank\" class=\"elementor-icon\" tabindex=\"-1\" aria-label=\"Artistic presentation\">\n\t\t\t\t<svg aria-hidden=\"true\" class=\"e-font-icon-svg e-fas-play\" viewbox=\"0 0 448 512\" xmlns=\"http:\/\/www.w3.org\/2000\/svg\"><path d=\"M424.4 214.7L72.4 6.6C43.8-10.3 0 6.1 0 47.9V464c0 37.5 40.7 60.1 72.4 41.3l352-208c31.4-18.5 31.5-64.1 0-82.6z\"><\/path><\/svg>\t\t\t\t<\/a>\n\t\t\t<\/div>\n\t\t\t\n\t\t\t\t\t\t<div class=\"elementor-icon-box-content\">\n\n\t\t\t\t\t\t\t\t\t<h6 class=\"elementor-icon-box-title\">\n\t\t\t\t\t\t<a href=\"https:\/\/josemariapinto.adrirodrigom4.es\/wp-content\/uploads\/2025\/09\/VID-20250125-WA000010.mp4\" target=\"_blank\" >\n\t\t\t\t\t\t\tArtistic presentation\t\t\t\t\t\t<\/a>\n\t\t\t\t\t<\/h6>\n\t\t\t\t\n\t\t\t\t\t\t\t\t\t<p class=\"elementor-icon-box-description\">\n\t\t\t\t\t\tMy painting on video\t\t\t\t\t<\/p>\n\t\t\t\t\n\t\t\t<\/div>\n\t\t\t\n\t\t<\/div>\n\t\t\t\t\t\t<\/div>\n\t\t\t\t<\/div>\n\t\t\t\t\t<\/div>\n\t\t<\/div>\n\t\t\t\t<div class=\"elementor-column elementor-col-50 elementor-top-column elementor-element elementor-element-5d0ce0e7\" data-id=\"5d0ce0e7\" data-element_type=\"column\" data-e-type=\"column\" data-settings=\"{&quot;mdp_selection_sticky_column_effect_enable&quot;:false}\">\n\t\t\t<div class=\"elementor-widget-wrap elementor-element-populated\">\n\t\t\t\t\t\t<div class=\"elementor-element elementor-element-5eff4ebd elementor-view-default elementor-widget elementor-widget-icon\" data-id=\"5eff4ebd\" data-element_type=\"widget\" data-e-type=\"widget\" data-widget_type=\"icon.default\">\n\t\t\t\t<div class=\"elementor-widget-container\">\n\t\t\t\t\t\t\t<div class=\"elementor-icon-wrapper\">\n\t\t\t<div class=\"elementor-icon\">\n\t\t\t<i aria-hidden=\"true\" class=\"icon icon-quote1\"><\/i>\t\t\t<\/div>\n\t\t<\/div>\n\t\t\t\t\t\t<\/div>\n\t\t\t\t<\/div>\n\t\t\t\t<div class=\"elementor-element elementor-element-7bb4858f elementor-widget elementor-widget-heading\" data-id=\"7bb4858f\" data-element_type=\"widget\" data-e-type=\"widget\" data-widget_type=\"heading.default\">\n\t\t\t\t<div class=\"elementor-widget-container\">\n\t\t\t\t\t<h5 class=\"elementor-heading-title elementor-size-default\">The essence of time<\/h5>\t\t\t\t<\/div>\n\t\t\t\t<\/div>\n\t\t\t\t<div class=\"elementor-element elementor-element-d394f3c elementor-invisible elementor-widget elementor-widget-image\" data-id=\"d394f3c\" data-element_type=\"widget\" data-e-type=\"widget\" data-settings=\"{&quot;_animation&quot;:&quot;fadeIn&quot;}\" data-widget_type=\"image.default\">\n\t\t\t\t<div class=\"elementor-widget-container\">\n\t\t\t\t\t\t\t\t\t\t\t\t\t\t\t<img fetchpriority=\"high\" decoding=\"async\" width=\"1045\" height=\"942\" src=\"https:\/\/josemariapinto.adrirodrigom4.es\/wp-content\/uploads\/2025\/10\/acerca-scaled-e1760612656608.jpg\" class=\"attachment-full size-full wp-image-327\" alt=\"\" srcset=\"https:\/\/josemariapinto.adrirodrigom4.es\/wp-content\/uploads\/2025\/10\/acerca-scaled-e1760612656608.jpg 1045w, https:\/\/josemariapinto.adrirodrigom4.es\/wp-content\/uploads\/2025\/10\/acerca-scaled-e1760612656608-300x270.jpg 300w, https:\/\/josemariapinto.adrirodrigom4.es\/wp-content\/uploads\/2025\/10\/acerca-scaled-e1760612656608-1024x923.jpg 1024w, https:\/\/josemariapinto.adrirodrigom4.es\/wp-content\/uploads\/2025\/10\/acerca-scaled-e1760612656608-768x692.jpg 768w, https:\/\/josemariapinto.adrirodrigom4.es\/wp-content\/uploads\/2025\/10\/acerca-scaled-e1760612656608-13x12.jpg 13w\" sizes=\"(max-width: 1045px) 100vw, 1045px\" \/>\t\t\t\t\t\t\t\t\t\t\t\t\t\t\t<\/div>\n\t\t\t\t<\/div>\n\t\t\t\t<section class=\"elementor-section elementor-inner-section elementor-element elementor-element-a18f899 elementor-section-boxed elementor-section-height-default elementor-section-height-default\" data-id=\"a18f899\" data-element_type=\"section\" data-e-type=\"section\" data-settings=\"{&quot;mdp_selection_sticky_effect_enable&quot;:false}\">\n\t\t\t\t\t\t<div class=\"elementor-container elementor-column-gap-default\">\n\t\t\t\t\t<div class=\"elementor-column elementor-col-50 elementor-inner-column elementor-element elementor-element-4dfcd8df\" data-id=\"4dfcd8df\" data-element_type=\"column\" data-e-type=\"column\" data-settings=\"{&quot;mdp_selection_sticky_column_effect_enable&quot;:false}\">\n\t\t\t<div class=\"elementor-widget-wrap elementor-element-populated\">\n\t\t\t\t\t\t<div class=\"elementor-element elementor-element-614d3135 elementor-widget elementor-widget-heading\" data-id=\"614d3135\" data-element_type=\"widget\" data-e-type=\"widget\" data-widget_type=\"heading.default\">\n\t\t\t\t<div class=\"elementor-widget-container\">\n\t\t\t\t\t<h6 class=\"elementor-heading-title elementor-size-default\">CONTACT :<\/h6>\t\t\t\t<\/div>\n\t\t\t\t<\/div>\n\t\t\t\t\t<\/div>\n\t\t<\/div>\n\t\t\t\t<div class=\"elementor-column elementor-col-50 elementor-inner-column elementor-element elementor-element-314fd600\" data-id=\"314fd600\" data-element_type=\"column\" data-e-type=\"column\" data-settings=\"{&quot;mdp_selection_sticky_column_effect_enable&quot;:false}\">\n\t\t\t<div class=\"elementor-widget-wrap elementor-element-populated\">\n\t\t\t\t\t\t<div class=\"elementor-element elementor-element-37caaaa elementor-icon-list--layout-traditional elementor-list-item-link-full_width elementor-widget elementor-widget-icon-list\" data-id=\"37caaaa\" data-element_type=\"widget\" data-e-type=\"widget\" data-widget_type=\"icon-list.default\">\n\t\t\t\t<div class=\"elementor-widget-container\">\n\t\t\t\t\t\t\t<ul class=\"elementor-icon-list-items\">\n\t\t\t\t\t\t\t<li class=\"elementor-icon-list-item\">\n\t\t\t\t\t\t\t\t\t\t\t<a href=\"mailto:josemariapinto.com.art@gmail.com\">\n\n\t\t\t\t\t\t\t\t\t\t\t\t<span class=\"elementor-icon-list-icon\">\n\t\t\t\t\t\t\t<svg aria-hidden=\"true\" class=\"e-font-icon-svg e-fas-envelope\" viewbox=\"0 0 512 512\" xmlns=\"http:\/\/www.w3.org\/2000\/svg\"><path d=\"M502.3 190.8c3.9-3.1 9.7-.2 9.7 4.7V400c0 26.5-21.5 48-48 48H48c-26.5 0-48-21.5-48-48V195.6c0-5 5.7-7.8 9.7-4.7 22.4 17.4 52.1 39.5 154.1 113.6 21.1 15.4 56.7 47.8 92.2 47.6 35.7.3 72-32.8 92.3-47.6 102-74.1 131.6-96.3 154-113.7zM256 320c23.2.4 56.6-29.2 73.4-41.4 132.7-96.3 142.8-104.7 173.4-128.7 5.8-4.5 9.2-11.5 9.2-18.9v-19c0-26.5-21.5-48-48-48H48C21.5 64 0 85.5 0 112v19c0 7.4 3.4 14.3 9.2 18.9 30.6 23.9 40.7 32.4 173.4 128.7 16.8 12.2 50.2 41.8 73.4 41.4z\"><\/path><\/svg>\t\t\t\t\t\t<\/span>\n\t\t\t\t\t\t\t\t\t\t<span class=\"elementor-icon-list-text\">josemariapinto.com.art@gmail.com<\/span>\n\t\t\t\t\t\t\t\t\t\t\t<\/a>\n\t\t\t\t\t\t\t\t\t<\/li>\n\t\t\t\t\t\t<\/ul>\n\t\t\t\t\t\t<\/div>\n\t\t\t\t<\/div>\n\t\t\t\t\t<\/div>\n\t\t<\/div>\n\t\t\t\t\t<\/div>\n\t\t<\/section>\n\t\t\t\t\t<\/div>\n\t\t<\/div>\n\t\t\t\t\t<\/div>\n\t\t<\/section>\n\t\t\t\t<section class=\"elementor-section elementor-top-section elementor-element elementor-element-2526d391 elementor-section-full_width elementor-section-height-default elementor-section-height-default\" data-id=\"2526d391\" data-element_type=\"section\" data-e-type=\"section\" data-settings=\"{&quot;background_background&quot;:&quot;classic&quot;,&quot;mdp_selection_sticky_effect_enable&quot;:false}\">\n\t\t\t\t\t\t<div class=\"elementor-container elementor-column-gap-no\">\n\t\t\t\t\t<div class=\"elementor-column elementor-col-100 elementor-top-column elementor-element elementor-element-2469b06\" data-id=\"2469b06\" data-element_type=\"column\" data-e-type=\"column\" data-settings=\"{&quot;mdp_selection_sticky_column_effect_enable&quot;:false}\">\n\t\t\t<div class=\"elementor-widget-wrap elementor-element-populated\">\n\t\t\t\t\t\t<div class=\"elementor-element elementor-element-766ced65 elementor-widget-divider--view-line elementor-widget elementor-widget-divider\" data-id=\"766ced65\" data-element_type=\"widget\" data-e-type=\"widget\" data-widget_type=\"divider.default\">\n\t\t\t\t<div class=\"elementor-widget-container\">\n\t\t\t\t\t\t\t<div class=\"elementor-divider\">\n\t\t\t<span class=\"elementor-divider-separator\">\n\t\t\t\t\t\t<\/span>\n\t\t<\/div>\n\t\t\t\t\t\t<\/div>\n\t\t\t\t<\/div>\n\t\t\t\t\t<\/div>\n\t\t<\/div>\n\t\t\t\t\t<\/div>\n\t\t<\/section>\n\t\t\t\t<section class=\"elementor-section elementor-top-section elementor-element elementor-element-5c957a83 elementor-section-boxed elementor-section-height-default elementor-section-height-default\" data-id=\"5c957a83\" data-element_type=\"section\" data-e-type=\"section\" data-settings=\"{&quot;background_background&quot;:&quot;classic&quot;,&quot;mdp_selection_sticky_effect_enable&quot;:false}\">\n\t\t\t\t\t\t<div class=\"elementor-container elementor-column-gap-default\">\n\t\t\t\t\t<div class=\"elementor-column elementor-col-100 elementor-top-column elementor-element elementor-element-7cf40e7a\" data-id=\"7cf40e7a\" data-element_type=\"column\" data-e-type=\"column\" data-settings=\"{&quot;mdp_selection_sticky_column_effect_enable&quot;:false}\">\n\t\t\t<div class=\"elementor-widget-wrap elementor-element-populated\">\n\t\t\t\t\t\t<div class=\"elementor-element elementor-element-1570707e elementor-widget elementor-widget-heading\" data-id=\"1570707e\" data-element_type=\"widget\" data-e-type=\"widget\" data-widget_type=\"heading.default\">\n\t\t\t\t<div class=\"elementor-widget-container\">\n\t\t\t\t\t<h2 class=\"elementor-heading-title elementor-size-default\">trajectory<\/h2>\t\t\t\t<\/div>\n\t\t\t\t<\/div>\n\t\t\t\t\t<\/div>\n\t\t<\/div>\n\t\t\t\t\t<\/div>\n\t\t<\/section>\n\t\t\t\t<section class=\"elementor-section elementor-top-section elementor-element elementor-element-7485d827 elementor-section-boxed elementor-section-height-default elementor-section-height-default\" data-id=\"7485d827\" data-element_type=\"section\" data-e-type=\"section\" data-settings=\"{&quot;background_background&quot;:&quot;classic&quot;,&quot;mdp_selection_sticky_effect_enable&quot;:false}\">\n\t\t\t\t\t\t<div class=\"elementor-container elementor-column-gap-default\">\n\t\t\t\t\t<div class=\"elementor-column elementor-col-50 elementor-top-column elementor-element elementor-element-87e1366 elementor-invisible\" data-id=\"87e1366\" data-element_type=\"column\" data-e-type=\"column\" data-settings=\"{&quot;animation&quot;:&quot;fadeInLeft&quot;,&quot;mdp_selection_sticky_column_effect_enable&quot;:false}\">\n\t\t\t<div class=\"elementor-widget-wrap elementor-element-populated\">\n\t\t\t\t\t\t<div class=\"elementor-element elementor-element-5b41c4f elementor-widget elementor-widget-heading\" data-id=\"5b41c4f\" data-element_type=\"widget\" data-e-type=\"widget\" data-widget_type=\"heading.default\">\n\t\t\t\t<div class=\"elementor-widget-container\">\n\t\t\t\t\t<h5 class=\"elementor-heading-title elementor-size-default\">Individual Exhibitions<\/h5>\t\t\t\t<\/div>\n\t\t\t\t<\/div>\n\t\t\t\t<div class=\"elementor-element elementor-element-368d58c elementor-widget elementor-widget-text-editor\" data-id=\"368d58c\" data-element_type=\"widget\" data-e-type=\"widget\" data-widget_type=\"text-editor.default\">\n\t\t\t\t<div class=\"elementor-widget-container\">\n\t\t\t\t\t\t\t\t\t<ul><li>2024 Clara Campoamor Cultural Center, Barakaldo<\/li><li>2023 Galeria Angel Almeida, Zamora<\/li><li>2018 Exhibition Hall \"Casa Torre Jaureguia\" Santurtzi<\/li><li>2017 Bilbao Bar Association, Bilbao.<\/li><li>Itinerant \"The soul walking\" Barakaldo, Sestao, Gernika.<\/li><li>2016 Galeria Angel Almeida, Zamora<\/li><li>2014 Herraiz Gallery, Madrid<\/li><li>Angel Cantero Gallery, Le\u00f3n<\/li><li>Iradier Gallery, Vitoria.<\/li><li>2013 Angel Almeida Gallery, Zamora, Spain<\/li><li>2012 Herraiz Gallery, Madrid<\/li><li>2011 Angel Almeida Gallery, Zamora, Spain<\/li><li>2010 Akros Gallery, Bilbao<\/li><li>San Ant\u00f3n Gallery, Pamplona<\/li><li>East Gallery,Santander<\/li><li>2009 Echeberria Gallery, San Sebastian, Spain<\/li><li>2008 Akros Gallery, Bilbao<\/li><li>Paloma 18 Gallery, Burgos<\/li><li>San Ant\u00f3n Gallery, Pamplona<\/li><li>Espacio 36 Gallery, Zamora<\/li><li>2007 Coliseo de la Cultura,Villaviciosa de Od\u00f3n, Madrid<\/li><li>Sard\u00f3n Gallery, Le\u00f3n. Reyes Cat\u00f3licos Gallery, Salamanca<\/li><li>2006 Akros Gallery, Bilbao.<\/li><li>2005 Sard\u00f3n Gallery, Le\u00f3n.<\/li><li>Kokoschka Gallery, Irun.<\/li><li>Espacio 36 Gallery, Zamora<\/li><li>2004 Tavira Gallery, Bilbao.<\/li><\/ul>\t\t\t\t\t\t\t\t<\/div>\n\t\t\t\t<\/div>\n\t\t\t\t<div class=\"elementor-element elementor-element-c550051 elementor-widget elementor-widget-html\" data-id=\"c550051\" data-element_type=\"widget\" data-e-type=\"widget\" data-widget_type=\"html.default\">\n\t\t\t\t<div class=\"elementor-widget-container\">\n\t\t\t\t\t<style>\n  \/* Quitar los puntos (vi\u00f1etas) de TODAS las listas no ordenadas *\/\n  ul {\n    list-style: none !important;      \/* sin bullets *\/\n    padding-left: 0 !important;       \/* quita sangr\u00eda izquierda por defecto *\/\n    margin-left: 0;                   \/* por si el tema a\u00f1ade margen *\/\n  }\n\n  \/* Asegura que las listas anidadas tampoco muestren vi\u00f1etas *\/\n  ul ul {\n    list-style: none !important;\n    padding-left: 0 !important;\n  }\n\n  \/* En navegadores modernos, elimina el marcador del li *\/\n  li::marker {\n    content: \"\" !important;\n  }\n\n  \/* (Opcional) Ajusta el espaciado vertical entre elementos de lista *\/\n  li {\n    margin: 0.4em 0;\n  }\n\n  \/* Reforzar en \u00e1reas comunes de WP\/Elementor por si el tema es agresivo *\/\n  .entry-content ul,\n  .wp-block-list ul,\n  .elementor-widget-text-editor ul {\n    list-style: none !important;\n    padding-left: 0 !important;\n  }\n<\/style>\n\t\t\t\t<\/div>\n\t\t\t\t<\/div>\n\t\t\t\t\t<\/div>\n\t\t<\/div>\n\t\t\t\t<div class=\"elementor-column elementor-col-50 elementor-top-column elementor-element elementor-element-2d78bd58 elementor-invisible\" data-id=\"2d78bd58\" data-element_type=\"column\" data-e-type=\"column\" data-settings=\"{&quot;animation&quot;:&quot;fadeInRight&quot;,&quot;mdp_selection_sticky_column_effect_enable&quot;:false}\">\n\t\t\t<div class=\"elementor-widget-wrap elementor-element-populated\">\n\t\t\t\t\t\t<div class=\"elementor-element elementor-element-811fb94 elementor-widget elementor-widget-heading\" data-id=\"811fb94\" data-element_type=\"widget\" data-e-type=\"widget\" data-widget_type=\"heading.default\">\n\t\t\t\t<div class=\"elementor-widget-container\">\n\t\t\t\t\t<h5 class=\"elementor-heading-title elementor-size-default\">Major Awards<\/h5>\t\t\t\t<\/div>\n\t\t\t\t<\/div>\n\t\t\t\t<div class=\"elementor-element elementor-element-5cb325f elementor-widget elementor-widget-text-editor\" data-id=\"5cb325f\" data-element_type=\"widget\" data-e-type=\"widget\" data-widget_type=\"text-editor.default\">\n\t\t\t\t<div class=\"elementor-widget-container\">\n\t\t\t\t\t\t\t\t\t<ul><li>First Prize XV Cultural Contest 2016<\/li><li>Virgen de las Vi\u00f1as Winery, Tomelloso, Spain<\/li><li>First Gredos Painting Prize 2006<\/li><li>City Council of Arenas de San Pedro, Avila, Spain<\/li><li>Second Prize V Painting Contest 1998<\/li><li>Vela Zanetti Institute, Aranda de Duero<\/li><li>Medal of Honor - 29th BMW Award 2014<\/li><li>BMW, Madrid.<\/li><li>M\u00f3stoles 2025 Madrid City Council Award.<\/li><li>92 Salon de Oto\u00f1o de Madrid, AEPE<\/li><li>Joaquin Sorolla y Bastida Medal.<\/li><li>92 Salon de Oto\u00f1o de Madrid, AEPE<\/li><li>AXA Award XXIV Cultural Contest 2025<\/li><li>Virgen de las Vi\u00f1as Winery, Tomelloso, Spain<\/li><li>Bodegas Lozano Award XXIII Cultural Contest 2024<\/li><li>Virgen de las Vi\u00f1as Winery, Tomelloso, Spain<\/li><li>Bodegas Fundador Award XXI Cultural Contest 2022<\/li><li>Virgen de las Vi\u00f1as Winery, Tomelloso, Spain<\/li><li>Almendrum Award XX Certamen Cultural 2021<\/li><li>Virgen de las Vi\u00f1as Winery, Tomelloso, Spain<\/li><li>Bodega Las Copas Award XVI Cultural Contest 2017<\/li><li>Virgen de las Vi\u00f1as Winery, Tomelloso, Spain<\/li><li>Jacinto Pardo S.L. and Jose Luis Morales S.L. XIII Certamen Cultural 2014 Award.<\/li><li>Virgen de las Vi\u00f1as Winery, Tomelloso, Spain<\/li><li>Finalist 28th BMW Award 2013<\/li><li>BMW, Madrid.<\/li><li>Finalist 54th and 58th Queen Sofia Award sponsored by Google 2019 and 2023.<\/li><li>Spanish Association of Painters and Sculptors, Madrid.<\/li><li>Finalist XIV - XVII - XVIII Cultural Contest 2015 - 2018 - 2019<\/li><li>Virgen de las Vi\u00f1as Winery, Tomelloso, Spain<\/li><li>Finalist VI International Competition Ram\u00f3n Portillo 2015 Friends of Ram\u00f3n Portillo Association, Motril, Granada.<\/li><li>Finalist XXVI Contest \"City of Alora\" 2015<\/li><li>City Council of \u00c1lora, M\u00e1laga.<\/li><li>Honorable Mention VIII Certamen Internacional Ram\u00f3n Portillo 2019 Asociaci\u00f3n Amigos de Ram\u00f3n Portillo, Motril, Granada.<\/li><li>Selected 92 Sal\u00f3n de Oto\u00f1o 2025, AEPE Madrid.<\/li><li>Selected XLVI Gredos Painting Prize.<\/li><li>Selected XXV Timoteo Perez Rubio Painting Award, Oliva de la Frontera<\/li><li>Selected for the XXXII and XXXIII L\u00f3pez Villase\u00f1or Award, Ciudad Real, Spain<\/li><li>Selected XXVI Painting Contest of Villaviciosa, Asturias<\/li><li>Selected XXVI International Competition of Alcazar de San Juan, 2022<\/li><li>Selected for the 80th International Exhibition of Valdepe\u00f1as, 2019.<\/li><li>Selected XXX Contest \"City of Alora\" 2019<\/li><li>Selected 52 - 55 - 57 and 59 Queen Sofia Award sponsored by Google<\/li><li>Spanish Association of Painters and Sculptors, Madrid.<\/li><\/ul>\t\t\t\t\t\t\t\t<\/div>\n\t\t\t\t<\/div>\n\t\t\t\t\t<\/div>\n\t\t<\/div>\n\t\t\t\t\t<\/div>\n\t\t<\/section>\n\t\t\t\t<\/div>","protected":false},"excerpt":{"rendered":"<p>JOSE MAR\u00cdAPINTO REY Nace en Barakaldo, Bizkaia (1959). Desde temprana edad muestra inter\u00e9s por el dibujo y la pintura encauzando su inquietud en un principio hacia la decoraci\u00f3n, matricul\u00e1ndose en el Instituto de Artes Decorativas de Bilbao a los diecis\u00e9is a\u00f1os, donde se inicia en el conocimiento de las bases del dibujo, las teor\u00edas del [&hellip;]<\/p>\n","protected":false},"author":8,"featured_media":0,"parent":0,"menu_order":0,"comment_status":"closed","ping_status":"closed","template":"","meta":{"footnotes":""},"class_list":["post-54","page","type-page","status-publish","hentry"],"_links":{"self":[{"href":"https:\/\/josemariapinto.adrirodrigom4.es\/en\/wp-json\/wp\/v2\/pages\/54","targetHints":{"allow":["GET"]}}],"collection":[{"href":"https:\/\/josemariapinto.adrirodrigom4.es\/en\/wp-json\/wp\/v2\/pages"}],"about":[{"href":"https:\/\/josemariapinto.adrirodrigom4.es\/en\/wp-json\/wp\/v2\/types\/page"}],"author":[{"embeddable":true,"href":"https:\/\/josemariapinto.adrirodrigom4.es\/en\/wp-json\/wp\/v2\/users\/8"}],"replies":[{"embeddable":true,"href":"https:\/\/josemariapinto.adrirodrigom4.es\/en\/wp-json\/wp\/v2\/comments?post=54"}],"version-history":[{"count":30,"href":"https:\/\/josemariapinto.adrirodrigom4.es\/en\/wp-json\/wp\/v2\/pages\/54\/revisions"}],"predecessor-version":[{"id":585,"href":"https:\/\/josemariapinto.adrirodrigom4.es\/en\/wp-json\/wp\/v2\/pages\/54\/revisions\/585"}],"wp:attachment":[{"href":"https:\/\/josemariapinto.adrirodrigom4.es\/en\/wp-json\/wp\/v2\/media?parent=54"}],"curies":[{"name":"wp","href":"https:\/\/api.w.org\/{rel}","templated":true}]}}